{"id":1386,"date":"2019-07-02T05:11:45","date_gmt":"2019-07-02T05:11:45","guid":{"rendered":"http:\/\/thehometeam.club\/services\/"},"modified":"2025-09-19T16:45:54","modified_gmt":"2025-09-19T16:45:54","slug":"services","status":"publish","type":"page","link":"https:\/\/thehometeam.club\/fr\/services\/","title":{"rendered":"Services"},"content":{"rendered":"<div data-elementor-type=\"wp-post\" data-elementor-id=\"1386\" class=\"elementor elementor-1386\">\n\t\t\t\t\t\t<section class=\"elementor-section elementor-top-section elementor-element elementor-element-592a984 elementor-section-boxed elementor-section-height-default elementor-section-height-default\" data-id=\"592a984\" data-element_type=\"section\">\n\t\t\t\t\t\t<div class=\"elementor-container elementor-column-gap-default\">\n\t\t\t\t\t<div class=\"elementor-column elementor-col-100 elementor-top-column elementor-element elementor-element-e50dbdb\" data-id=\"e50dbdb\" data-element_type=\"column\">\n\t\t\t<div class=\"elementor-widget-wrap elementor-element-populated\">\n\t\t\t\t\t\t<div class=\"elementor-element elementor-element-e15f199 elementor-widget elementor-widget-image\" data-id=\"e15f199\" data-element_type=\"widget\" data-widget_type=\"image.default\">\n\t\t\t\t<div class=\"elementor-widget-container\">\n\t\t\t\t\t\t\t\t\t\t\t\t\t\t\t<img fetchpriority=\"high\" decoding=\"async\" width=\"300\" height=\"300\" src=\"https:\/\/thehometeam.club\/wp-content\/uploads\/2021\/12\/logo-progress2-300x300.png\" class=\"attachment-medium size-medium wp-image-1957\" alt=\"\" srcset=\"https:\/\/thehometeam.club\/wp-content\/uploads\/2021\/12\/logo-progress2-300x300.png 300w, https:\/\/thehometeam.club\/wp-content\/uploads\/2021\/12\/logo-progress2-150x150.png 150w, https:\/\/thehometeam.club\/wp-content\/uploads\/2021\/12\/logo-progress2.png 576w\" sizes=\"(max-width: 300px) 100vw, 300px\" \/>\t\t\t\t\t\t\t\t\t\t\t\t\t\t\t<\/div>\n\t\t\t\t<\/div>\n\t\t\t\t<section class=\"elementor-section elementor-inner-section elementor-element elementor-element-598f1dc elementor-section-boxed elementor-section-height-default elementor-section-height-default\" data-id=\"598f1dc\" data-element_type=\"section\">\n\t\t\t\t\t\t<div class=\"elementor-container elementor-column-gap-wider\">\n\t\t\t\t\t<div class=\"elementor-column elementor-col-50 elementor-inner-column elementor-element elementor-element-0095b97\" data-id=\"0095b97\" data-element_type=\"column\">\n\t\t\t<div class=\"elementor-widget-wrap elementor-element-populated\">\n\t\t\t\t\t\t<div class=\"elementor-element elementor-element-a95b9a5 elementor-widget elementor-widget-heading\" data-id=\"a95b9a5\" data-element_type=\"widget\" data-widget_type=\"heading.default\">\n\t\t\t\t<div class=\"elementor-widget-container\">\n\t\t\t\t\t<h2 class=\"elementor-heading-title elementor-size-default\">Ce que nous faisons<\/h2>\t\t\t\t<\/div>\n\t\t\t\t<\/div>\n\t\t\t\t\t<\/div>\n\t\t<\/div>\n\t\t\t\t<div class=\"elementor-column elementor-col-50 elementor-inner-column elementor-element elementor-element-0b2bd7d\" data-id=\"0b2bd7d\" data-element_type=\"column\">\n\t\t\t<div class=\"elementor-widget-wrap elementor-element-populated\">\n\t\t\t\t\t\t<div class=\"elementor-element elementor-element-aee4e5e elementor-widget elementor-widget-image-box\" data-id=\"aee4e5e\" data-element_type=\"widget\" data-widget_type=\"image-box.default\">\n\t\t\t\t<div class=\"elementor-widget-container\">\n\t\t\t\t\t<div class=\"elementor-image-box-wrapper\"><div class=\"elementor-image-box-content\"><h3 class=\"elementor-image-box-title\">Nous gardons votre maison et vos mascottes, et nous offrons un h\u00e9bergement pour les chats.<\/h3><p class=\"elementor-image-box-description\">Poissons, tortues ou oiseaux \u00e0 discuter. 416-505-2338<\/p><\/div><\/div>\t\t\t\t<\/div>\n\t\t\t\t<\/div>\n\t\t\t\t\t<\/div>\n\t\t<\/div>\n\t\t\t\t\t<\/div>\n\t\t<\/section>\n\t\t\t\t<section class=\"elementor-section elementor-inner-section elementor-element elementor-element-a7009d5 elementor-section-boxed elementor-section-height-default elementor-section-height-default\" data-id=\"a7009d5\" data-element_type=\"section\">\n\t\t\t\t\t\t<div class=\"elementor-container elementor-column-gap-default\">\n\t\t\t\t\t<div class=\"elementor-column elementor-col-50 elementor-inner-column elementor-element elementor-element-5defa0b\" data-id=\"5defa0b\" data-element_type=\"column\">\n\t\t\t<div class=\"elementor-widget-wrap elementor-element-populated\">\n\t\t\t\t\t\t<div class=\"elementor-element elementor-element-33834bf elementor-widget elementor-widget-heading\" data-id=\"33834bf\" data-element_type=\"widget\" data-widget_type=\"heading.default\">\n\t\t\t\t<div class=\"elementor-widget-container\">\n\t\t\t\t\t<h2 class=\"elementor-heading-title elementor-size-default\">GARDERIE DE MAISON ET D\u2019ANIMAUX<\/h2>\t\t\t\t<\/div>\n\t\t\t\t<\/div>\n\t\t\t\t\t<\/div>\n\t\t<\/div>\n\t\t\t\t<div class=\"elementor-column elementor-col-50 elementor-inner-column elementor-element elementor-element-93a8d6d\" data-id=\"93a8d6d\" data-element_type=\"column\">\n\t\t\t<div class=\"elementor-widget-wrap elementor-element-populated\">\n\t\t\t\t\t\t<div class=\"elementor-element elementor-element-e1ace48 elementor-widget elementor-widget-heading\" data-id=\"e1ace48\" data-element_type=\"widget\" data-widget_type=\"heading.default\">\n\t\t\t\t<div class=\"elementor-widget-container\">\n\t\t\t\t\t<h2 class=\"elementor-heading-title elementor-size-default\">Garderie (chat seulement)<\/h2>\t\t\t\t<\/div>\n\t\t\t\t<\/div>\n\t\t\t\t\t<\/div>\n\t\t<\/div>\n\t\t\t\t\t<\/div>\n\t\t<\/section>\n\t\t\t\t<section class=\"elementor-section elementor-inner-section elementor-element elementor-element-c403fc2 elementor-section-boxed elementor-section-height-default elementor-section-height-default\" data-id=\"c403fc2\" data-element_type=\"section\">\n\t\t\t\t\t\t<div class=\"elementor-container elementor-column-gap-default\">\n\t\t\t\t\t<div class=\"elementor-column elementor-col-50 elementor-inner-column elementor-element elementor-element-1dd0747\" data-id=\"1dd0747\" data-element_type=\"column\">\n\t\t\t<div class=\"elementor-widget-wrap elementor-element-populated\">\n\t\t\t\t\t\t<div class=\"elementor-element elementor-element-7304bd9 elementor-widget elementor-widget-text-editor\" data-id=\"7304bd9\" data-element_type=\"widget\" data-widget_type=\"text-editor.default\">\n\t\t\t\t<div class=\"elementor-widget-container\">\n\t\t\t\t\t\t\t\t\t<p><strong>COH\u00c9RENCE ET ATTENTION INDIVIDUALIS\u00c9ES<\/strong><\/p><p>Vos animaux de compagnie sont trait\u00e9s exactement comme vous le demandez : alimentation, promenade, socialisation au parc, brossage, administration de m\u00e9dicaments, photos \u00e0 la demande (je prends en fait de tr\u00e8s bonnes photos), c\u00e2lins abondants, option de dormir dans la m\u00eame chambre que les humains.<\/p><p><strong>CONFORTABLE &amp; COMMODE<\/strong><\/p><p>Pas besoin de faire de valises et de transporter ou de se soucier de leurs r\u00e9actions, ils sont chez eux.<\/p><p><strong>ENTRETIEN ET S\u00c9CURIT\u00c9 DE CHEZ_VOUS<\/strong><\/p><p>Nous sommes sur place pour r\u00e9agir et signaler tout probl\u00e8me avec votre maison. Les maisons inoccup\u00e9es sont beaucoup plus susceptibles d'\u00eatre la cible de voleurs. Nous sommes votre surveillance humaine.<\/p><p><strong>COURIER &amp; PLANTES<\/strong><\/p><p>Nous apportons votre courrier et arrosons vos plantes, nous pouvons m\u00eame faire du jardinage l\u00e9ger.<\/p>\t\t\t\t\t\t\t\t<\/div>\n\t\t\t\t<\/div>\n\t\t\t\t\t<\/div>\n\t\t<\/div>\n\t\t\t\t<div class=\"elementor-column elementor-col-50 elementor-inner-column elementor-element elementor-element-a2e802f\" data-id=\"a2e802f\" data-element_type=\"column\">\n\t\t\t<div class=\"elementor-widget-wrap elementor-element-populated\">\n\t\t\t\t\t\t<div class=\"elementor-element elementor-element-29bc93f elementor-widget elementor-widget-text-editor\" data-id=\"29bc93f\" data-element_type=\"widget\" data-widget_type=\"text-editor.default\">\n\t\t\t\t<div class=\"elementor-widget-container\">\n\t\t\t\t\t\t\t\t\t<p><strong>OPPORTUNIT\u00c9S DE SOCIALISATION<\/strong><\/p><p>Certains jeunes animaux peuvent b\u00e9n\u00e9ficier d'\u00eatre avec d'autres animaux, ce n'est pas le cas pour la plupart des animaux plus \u00e2g\u00e9s.<\/p><p><strong>ID\u00c9AL LORS DE LA R\u00c9NOVATION<\/strong><\/p><p>Quand votre chat doit sortir de la maison, quelque soit la raison, apportez le nous. On garde seulement un \u00e0 la fois.<\/p>\t\t\t\t\t\t\t\t<\/div>\n\t\t\t\t<\/div>\n\t\t\t\t\t<\/div>\n\t\t<\/div>\n\t\t\t\t\t<\/div>\n\t\t<\/section>\n\t\t\t\t\t<\/div>\n\t\t<\/div>\n\t\t\t\t\t<\/div>\n\t\t<\/section>\n\t\t\t\t<section class=\"elementor-section elementor-top-section elementor-element elementor-element-dfba1db elementor-section-boxed elementor-section-height-default elementor-section-height-default\" data-id=\"dfba1db\" data-element_type=\"section\">\n\t\t\t\t\t\t<div class=\"elementor-container elementor-column-gap-wider\">\n\t\t\t\t\t<div class=\"elementor-column elementor-col-100 elementor-top-column elementor-element elementor-element-6eedece\" data-id=\"6eedece\" data-element_type=\"column\">\n\t\t\t<div class=\"elementor-widget-wrap elementor-element-populated\">\n\t\t\t\t\t\t<section class=\"elementor-section elementor-inner-section elementor-element elementor-element-cbc0acf elementor-section-height-min-height elementor-section-content-top elementor-section-boxed elementor-section-height-default\" data-id=\"cbc0acf\" data-element_type=\"section\">\n\t\t\t\t\t\t<div class=\"elementor-container elementor-column-gap-no\">\n\t\t\t\t\t<div class=\"elementor-column elementor-col-100 elementor-inner-column elementor-element elementor-element-d56f4f8\" data-id=\"d56f4f8\" data-element_type=\"column\">\n\t\t\t<div class=\"elementor-widget-wrap elementor-element-populated\">\n\t\t\t\t\t\t<div class=\"elementor-element elementor-element-6f7b2cd elementor-widget elementor-widget-heading\" data-id=\"6f7b2cd\" data-element_type=\"widget\" data-widget_type=\"heading.default\">\n\t\t\t\t<div class=\"elementor-widget-container\">\n\t\t\t\t\t<h2 class=\"elementor-heading-title elementor-size-default\">Tarifs<\/h2>\t\t\t\t<\/div>\n\t\t\t\t<\/div>\n\t\t\t\t\t<\/div>\n\t\t<\/div>\n\t\t\t\t\t<\/div>\n\t\t<\/section>\n\t\t\t\t<section class=\"elementor-section elementor-inner-section elementor-element elementor-element-44ee3c5 elementor-section-boxed elementor-section-height-default elementor-section-height-default\" data-id=\"44ee3c5\" data-element_type=\"section\">\n\t\t\t\t\t\t<div class=\"elementor-container elementor-column-gap-no\">\n\t\t\t\t\t<div class=\"elementor-column elementor-col-50 elementor-inner-column elementor-element elementor-element-2af99ca\" data-id=\"2af99ca\" data-element_type=\"column\">\n\t\t\t<div class=\"elementor-widget-wrap elementor-element-populated\">\n\t\t\t\t\t\t<div class=\"elementor-element elementor-element-fa3bd59 elementor-widget elementor-widget-heading\" data-id=\"fa3bd59\" data-element_type=\"widget\" data-widget_type=\"heading.default\">\n\t\t\t\t<div class=\"elementor-widget-container\">\n\t\t\t\t\t<h4 class=\"elementor-heading-title elementor-size-default\">Chien \u00e0 domicile  <\/h4>\t\t\t\t<\/div>\n\t\t\t\t<\/div>\n\t\t\t\t\t<\/div>\n\t\t<\/div>\n\t\t\t\t<div class=\"elementor-column elementor-col-50 elementor-inner-column elementor-element elementor-element-cc62203\" data-id=\"cc62203\" data-element_type=\"column\">\n\t\t\t<div class=\"elementor-widget-wrap elementor-element-populated\">\n\t\t\t\t\t\t<div class=\"elementor-element elementor-element-c1a3253 elementor-widget elementor-widget-heading\" data-id=\"c1a3253\" data-element_type=\"widget\" data-widget_type=\"heading.default\">\n\t\t\t\t<div class=\"elementor-widget-container\">\n\t\t\t\t\t<h4 class=\"elementor-heading-title elementor-size-default\">CAD $ 55\/night <br>+ CAD $10 per additional pet<\/h4>\t\t\t\t<\/div>\n\t\t\t\t<\/div>\n\t\t\t\t\t<\/div>\n\t\t<\/div>\n\t\t\t\t\t<\/div>\n\t\t<\/section>\n\t\t\t\t<section class=\"elementor-section elementor-inner-section elementor-element elementor-element-fad69cb elementor-section-boxed elementor-section-height-default elementor-section-height-default\" data-id=\"fad69cb\" data-element_type=\"section\">\n\t\t\t\t\t\t<div class=\"elementor-container elementor-column-gap-no\">\n\t\t\t\t\t<div class=\"elementor-column elementor-col-50 elementor-inner-column elementor-element elementor-element-9a33016\" data-id=\"9a33016\" data-element_type=\"column\">\n\t\t\t<div class=\"elementor-widget-wrap elementor-element-populated\">\n\t\t\t\t\t\t<div class=\"elementor-element elementor-element-39e7c6b elementor-widget elementor-widget-heading\" data-id=\"39e7c6b\" data-element_type=\"widget\" data-widget_type=\"heading.default\">\n\t\t\t\t<div class=\"elementor-widget-container\">\n\t\t\t\t\t<h4 class=\"elementor-heading-title elementor-size-default\">Chat \u00e0 domicile<\/h4>\t\t\t\t<\/div>\n\t\t\t\t<\/div>\n\t\t\t\t<div class=\"elementor-element elementor-element-0d540cd elementor-widget elementor-widget-heading\" data-id=\"0d540cd\" data-element_type=\"widget\" data-widget_type=\"heading.default\">\n\t\t\t\t<div class=\"elementor-widget-container\">\n\t\t\t\t\t<h4 class=\"elementor-heading-title elementor-size-default\"><br>Garderie de chat<\/h4>\t\t\t\t<\/div>\n\t\t\t\t<\/div>\n\t\t\t\t\t<\/div>\n\t\t<\/div>\n\t\t\t\t<div class=\"elementor-column elementor-col-50 elementor-inner-column elementor-element elementor-element-8c06de6\" data-id=\"8c06de6\" data-element_type=\"column\">\n\t\t\t<div class=\"elementor-widget-wrap elementor-element-populated\">\n\t\t\t\t\t\t<div class=\"elementor-element elementor-element-216aafd elementor-widget elementor-widget-heading\" data-id=\"216aafd\" data-element_type=\"widget\" data-widget_type=\"heading.default\">\n\t\t\t\t<div class=\"elementor-widget-container\">\n\t\t\t\t\t<h4 class=\"elementor-heading-title elementor-size-default\">CAD $ 35\/night + CAD $ 6 per additional cat<\/h4>\t\t\t\t<\/div>\n\t\t\t\t<\/div>\n\t\t\t\t<div class=\"elementor-element elementor-element-e48553d elementor-widget elementor-widget-heading\" data-id=\"e48553d\" data-element_type=\"widget\" data-widget_type=\"heading.default\">\n\t\t\t\t<div class=\"elementor-widget-container\">\n\t\t\t\t\t<h4 class=\"elementor-heading-title elementor-size-default\">CAD $ 30\/night<\/h4>\t\t\t\t<\/div>\n\t\t\t\t<\/div>\n\t\t\t\t\t<\/div>\n\t\t<\/div>\n\t\t\t\t\t<\/div>\n\t\t<\/section>\n\t\t\t\t\t<\/div>\n\t\t<\/div>\n\t\t\t\t\t<\/div>\n\t\t<\/section>\n\t\t\t\t<\/div>","protected":false},"excerpt":{"rendered":"<p>What we do We house and pet sit for dogs, cats and other small mammals, we also can board cats Fish,turtles or birds to be discussed. 416-505-2338 House Sitting Boarding (cat only) INDIVIDUALIZED ATTENTION &amp; CONSISTENCY Your pets are treated exactly as you ask, feeding, walking, park socializing, brushing, administering medication, photos on-demand ( I &hellip;<\/p>\n<p class=\"read-more\"> <a class=\"\" href=\"https:\/\/thehometeam.club\/fr\/services\/\"> <span class=\"screen-reader-text\">Services<\/span> Lire la suite\u00a0\u00bb<\/a><\/p>","protected":false},"author":1,"featured_media":0,"parent":0,"menu_order":0,"comment_status":"closed","ping_status":"closed","template":"","meta":{"site-sidebar-layout":"no-sidebar","site-content-layout":"page-builder","ast-site-content-layout":"full-width-container","site-content-style":"unboxed","site-sidebar-style":"unboxed","ast-global-header-display":"","ast-banner-title-visibility":"","ast-main-header-display":"","ast-hfb-above-header-display":"","ast-hfb-below-header-display":"","ast-hfb-mobile-header-display":"","site-post-title":"disabled","ast-breadcrumbs-content":"","ast-featured-img":"disabled","footer-sml-layout":"","theme-transparent-header-meta":"default","adv-header-id-meta":"","stick-header-meta":"","header-above-stick-meta":"","header-main-stick-meta":"","header-below-stick-meta":"","astra-migrate-meta-layouts":"set","footnotes":""},"class_list":["post-1386","page","type-page","status-publish","hentry"],"_links":{"self":[{"href":"https:\/\/thehometeam.club\/fr\/wp-json\/wp\/v2\/pages\/1386","targetHints":{"allow":["GET"]}}],"collection":[{"href":"https:\/\/thehometeam.club\/fr\/wp-json\/wp\/v2\/pages"}],"about":[{"href":"https:\/\/thehometeam.club\/fr\/wp-json\/wp\/v2\/types\/page"}],"author":[{"embeddable":true,"href":"https:\/\/thehometeam.club\/fr\/wp-json\/wp\/v2\/users\/1"}],"replies":[{"embeddable":true,"href":"https:\/\/thehometeam.club\/fr\/wp-json\/wp\/v2\/comments?post=1386"}],"version-history":[{"count":62,"href":"https:\/\/thehometeam.club\/fr\/wp-json\/wp\/v2\/pages\/1386\/revisions"}],"predecessor-version":[{"id":2226,"href":"https:\/\/thehometeam.club\/fr\/wp-json\/wp\/v2\/pages\/1386\/revisions\/2226"}],"wp:attachment":[{"href":"https:\/\/thehometeam.club\/fr\/wp-json\/wp\/v2\/media?parent=1386"}],"curies":[{"name":"wp","href":"https:\/\/api.w.org\/{rel}","templated":true}]}}