{"id":1766,"date":"2021-11-27T22:31:34","date_gmt":"2021-11-27T22:31:34","guid":{"rendered":"http:\/\/thehometeam.club\/?page_id=1766"},"modified":"2025-09-19T15:50:41","modified_gmt":"2025-09-19T15:50:41","slug":"testimonials-3-2","status":"publish","type":"page","link":"https:\/\/thehometeam.club\/fr\/testimonials-3-2\/","title":{"rendered":"T\u00e9moignages"},"content":{"rendered":"<div data-elementor-type=\"wp-page\" data-elementor-id=\"1766\" class=\"elementor elementor-1766\">\n\t\t\t\t\t\t<section class=\"elementor-section elementor-top-section elementor-element elementor-element-65f3960 elementor-section-boxed elementor-section-height-default elementor-section-height-default\" data-id=\"65f3960\" data-element_type=\"section\">\n\t\t\t\t\t\t<div class=\"elementor-container elementor-column-gap-default\">\n\t\t\t\t\t<div class=\"elementor-column elementor-col-100 elementor-top-column elementor-element elementor-element-b63d784\" data-id=\"b63d784\" data-element_type=\"column\" data-settings=\"{&quot;background_background&quot;:&quot;gradient&quot;}\">\n\t\t\t<div class=\"elementor-widget-wrap elementor-element-populated\">\n\t\t\t\t\t\t<div class=\"elementor-element elementor-element-90ccd49 elementor-widget elementor-widget-site-logo\" data-id=\"90ccd49\" data-element_type=\"widget\" data-settings=\"{&quot;align&quot;:&quot;left&quot;,&quot;width&quot;:{&quot;unit&quot;:&quot;%&quot;,&quot;size&quot;:22,&quot;sizes&quot;:[]},&quot;width_tablet&quot;:{&quot;unit&quot;:&quot;%&quot;,&quot;size&quot;:&quot;&quot;,&quot;sizes&quot;:[]},&quot;width_mobile&quot;:{&quot;unit&quot;:&quot;%&quot;,&quot;size&quot;:&quot;&quot;,&quot;sizes&quot;:[]},&quot;space&quot;:{&quot;unit&quot;:&quot;%&quot;,&quot;size&quot;:&quot;&quot;,&quot;sizes&quot;:[]},&quot;space_tablet&quot;:{&quot;unit&quot;:&quot;%&quot;,&quot;size&quot;:&quot;&quot;,&quot;sizes&quot;:[]},&quot;space_mobile&quot;:{&quot;unit&quot;:&quot;%&quot;,&quot;size&quot;:&quot;&quot;,&quot;sizes&quot;:[]},&quot;image_border_radius&quot;:{&quot;unit&quot;:&quot;px&quot;,&quot;top&quot;:&quot;&quot;,&quot;right&quot;:&quot;&quot;,&quot;bottom&quot;:&quot;&quot;,&quot;left&quot;:&quot;&quot;,&quot;isLinked&quot;:true},&quot;image_border_radius_tablet&quot;:{&quot;unit&quot;:&quot;px&quot;,&quot;top&quot;:&quot;&quot;,&quot;right&quot;:&quot;&quot;,&quot;bottom&quot;:&quot;&quot;,&quot;left&quot;:&quot;&quot;,&quot;isLinked&quot;:true},&quot;image_border_radius_mobile&quot;:{&quot;unit&quot;:&quot;px&quot;,&quot;top&quot;:&quot;&quot;,&quot;right&quot;:&quot;&quot;,&quot;bottom&quot;:&quot;&quot;,&quot;left&quot;:&quot;&quot;,&quot;isLinked&quot;:true},&quot;caption_padding&quot;:{&quot;unit&quot;:&quot;px&quot;,&quot;top&quot;:&quot;&quot;,&quot;right&quot;:&quot;&quot;,&quot;bottom&quot;:&quot;&quot;,&quot;left&quot;:&quot;&quot;,&quot;isLinked&quot;:true},&quot;caption_padding_tablet&quot;:{&quot;unit&quot;:&quot;px&quot;,&quot;top&quot;:&quot;&quot;,&quot;right&quot;:&quot;&quot;,&quot;bottom&quot;:&quot;&quot;,&quot;left&quot;:&quot;&quot;,&quot;isLinked&quot;:true},&quot;caption_padding_mobile&quot;:{&quot;unit&quot;:&quot;px&quot;,&quot;top&quot;:&quot;&quot;,&quot;right&quot;:&quot;&quot;,&quot;bottom&quot;:&quot;&quot;,&quot;left&quot;:&quot;&quot;,&quot;isLinked&quot;:true},&quot;caption_space&quot;:{&quot;unit&quot;:&quot;px&quot;,&quot;size&quot;:0,&quot;sizes&quot;:[]},&quot;caption_space_tablet&quot;:{&quot;unit&quot;:&quot;px&quot;,&quot;size&quot;:&quot;&quot;,&quot;sizes&quot;:[]},&quot;caption_space_mobile&quot;:{&quot;unit&quot;:&quot;px&quot;,&quot;size&quot;:&quot;&quot;,&quot;sizes&quot;:[]}}\" data-widget_type=\"site-logo.default\">\n\t\t\t\t<div class=\"elementor-widget-container\">\n\t\t\t\t\t\t\t<div class=\"hfe-site-logo\">\n\t\t\t\t\t\t<figure class=\"wp-caption\">\n\t\t\t\t\t\t\t\t\t\t\t\t\t<a data-elementor-open-lightbox=\"\"  class='elementor-clickable' href=\"https:\/\/thehometeam.club\/fr\/\">\n\t\t\t\t\t\t\t<div class=\"hfe-site-logo-set\">           \n\t\t\t\t<div class=\"hfe-site-logo-container\">\n\t\t\t\t\t\t\t\t\t<img decoding=\"async\" class=\"hfe-site-logo-img elementor-animation-\"  src=\"https:\/\/thehometeam.club\/wp-content\/uploads\/2021\/11\/a-logo-300x300.png\" alt=\"a logo\"\/>\n\t\t\t\t<\/div>\n\t\t\t<\/div>\n\t\t\t\t\t\t\t<\/a>\n\t\t\t\t\t\t\t\t\t\t\t\t<div class=\"hfe-caption-width\"> \n\t\t\t\t\t\t<figcaption class=\"widget-image-caption wp-caption-text\">       Nous partageons notre amour<\/figcaption>\n\t\t\t\t\t<\/div>\n\t\t\t\t\t\t\t<\/figure>\n\t\t\t\t<\/div>  \n\t\t\t\t\t\t\t<\/div>\n\t\t\t\t<\/div>\n\t\t\t\t<div class=\"elementor-element elementor-element-5c355b1 elementor-widget elementor-widget-text-editor\" data-id=\"5c355b1\" data-element_type=\"widget\" data-widget_type=\"text-editor.default\">\n\t\t\t\t<div class=\"elementor-widget-container\">\n\t\t\t\t\t\t\t\t\t<h2>Ce que nos clients pensent de nous !<\/h2><p><strong>***** <span style=\"font-style: inherit; background-color: var(--ast-global-color-4); color: var(--ast-global-color-3);\">\u201cJ'ai \u00e9t\u00e9 si heureuse de trouver Helene pour loger et garder les animaux pour nous. Elle et Frank \u00e9taient faciles \u00e0 communiquer, ponctuels, fiables et s'occupaient de Bruce et Fin avec soin et amour. Notre maison \u00e9tait impeccable \u00e0 notre retour, avec des fleurs laiss\u00e9es pour nous accueillir \u00e0 la maison. Nous \u00e9tions compl\u00e8tement hors ligne pendant notre absence, j'ai donc profond\u00e9ment appr\u00e9ci\u00e9 de pouvoir laisser notre maison et nos animaux entre de bonnes mains avec H\u00e9l\u00e8ne et Frank. Je les recommande vivement\u201d<\/span><\/strong><\/p><p><strong><span style=\"font-style: inherit; background-color: var(--ast-global-color-4); color: var(--ast-global-color-3);\">Lauren, Toronto<\/span><\/strong><\/p><p><strong>\u00ab\u00a0H\u00e9l\u00e8ne et Frank sont venus s'occuper de notre chat Bengal pendant une semaine. Malheureusement, mon chien mixte Bichon de 17 ans, aveugle et sourd, \u00e9tait tr\u00e8s m\u00e9content de rester avec mon fils et sa famille. C'est l\u00e0 qu'il est toujours all\u00e9 pendant les vacances pass\u00e9es. Cette fois, avec son \u00e2ge avanc\u00e9, il ne savait pas o\u00f9 il \u00e9tait. J'ai demand\u00e9 \u00e0 H\u00e9l\u00e8ne et \u00e0 Frank si cela les d\u00e9rangerait terriblement si je le renvoyais chez nous. Ils \u00e9taient incroyablement gentils et arrangeants et l'ont accueilli. Puis, comme il avait arr\u00eat\u00e9 de manger, H\u00e9l\u00e8ne lui faisait un bouillon fait maison et d\u00e9coupait de minuscules morceaux de poulet. Je ne pouvais pas croire \u00e0 quel point nous \u00e9tions chanceux de les avoir fait garder les animaux de compagnie. Ils \u00e9crivaient souvent pour nous dire comment se d\u00e9brouillait Pickles. La maison \u00e9tait impeccable quand nous sommes arriv\u00e9s \u00e0 la maison, et H\u00e9l\u00e8ne a appel\u00e9 dans les jours suivants pour voir comment il allait. Je leur donnerais une note parfaite de 5 \u00e0 tous points de vue. Merci, vous deux.  beaucoup.\"<\/strong><\/p><p><strong>Deanne &amp; Michael, Toronto<\/strong><\/p><p><strong>\u00ab\u00a0H\u00e9l\u00e8ne et Frank ont fait un excellent travail en nous fournissant r\u00e9guli\u00e8rement des nouvelles. Ils se sont bien occup\u00e9s de l'appartement et des chats et nous avons \u00e9t\u00e9 tr\u00e8s satisfaits ! Nous les recommandons vivement et serions ravis de les inviter \u00e0 nouveau. Merci beaucoup!\"<\/strong><\/p><p><strong>Lucas, Toronto<\/strong><\/p><p><strong>\u00ab\u00a0Je ne peux vraiment pas dire assez de bonnes choses \u00e0 propos de ces deux-l\u00e0\u00a0! J'avais vraiment l'impression que mes chiens et ma maison \u00e9taient soign\u00e9s comme s'ils \u00e9taient les leurs. H\u00e9l\u00e8ne m'a envoy\u00e9 des mises \u00e0 jour quotidiennes sur mes chiens, ainsi que de jolies photos. Non seulement ma maison \u00e9tait propre, mais j'avais m\u00eame des friandises qui nous attendaient dans le r\u00e9frig\u00e9rateur. J'esp\u00e8re vraiment qu'ils reviendront car c'est l'exp\u00e9rience la plus positive que j'ai eue jusqu'\u00e0 maintenant!<\/strong><\/p><p><strong>Einat, Toronto<\/strong><\/p><p><strong>\u00ab Quelle merveilleuse gardienne H\u00e9l\u00e8ne est. Elle et Frank ont accept\u00e9 la charge pour 2 mois dans un d\u00e9lai tr\u00e8s court \u2013 juste quelques jours avant mon d\u00e9part pr\u00e9vu. J'\u00e9tais dans un \u00e9tat car la gardienne que j'avais. r\u00e9serv\u00e9 bien \u00e0 l'avance a \u00e9t\u00e9 oblig\u00e9 d'annuler et je ne savais pas o\u00f9 trouver quelqu'un. pour s'occuper de ma grande couv\u00e9e de 5 chats et 2 gros chiens. Elle a accept\u00e9 le projet avec enthousiasme et a \u00e9t\u00e9 une aubaine rien de moins. Les animaux l'aimaient, elle \u00e9tait extr\u00eamement responsable et fiable et s'occupait d'eux avec m\u00e9thode, coh\u00e9rence et amour. Elle a \u00e9galement gard\u00e9 mon appartement tr\u00e8s propre. Elle communiquait r\u00e9guli\u00e8rement pour discuter des probl\u00e8mes qui se posaient. Elle a pu aller chez le v\u00e9t\u00e9rinaire avec un quand n\u00e9cessaire et elle a fait face aux urgences et aux situations impr\u00e9vues avec calme et compassion. Elle a \u00e9galement laiss\u00e9 l'appartement tr\u00e8s propre et bien rang\u00e9 et a aid\u00e9 avec de petites r\u00e9parations et des probl\u00e8mes autour de la maison. Je ne peux pas la recommander plus fortement. Merci pour tout H\u00e9l\u00e8ne et Frank.\u00a0<\/strong><\/p><p><strong>Frances, Toronto <span style=\"text-decoration: underline;\">CLIENT R\u00c9GULIER<\/span><\/strong><\/p><p><strong>\u00ab H\u00e9l\u00e8ne et Frank sont des merveilleux gardiens de maison. Ils se sont bien occup\u00e9s de la maison et de notre chat, Kaju, et nous ont envoy\u00e9 r\u00e9guli\u00e8rement des mises \u00e0 jour et des photos d'elle. Ce sont des gens chaleureux et amicaux et apr\u00e8s avoir re\u00e7u plusieurs de leurs e-mails d\u00e9taill\u00e9s et d'actualit\u00e9, nous avons commenc\u00e9 \u00e0 les consid\u00e9rer comme des amis ou une famille \u00e9largie. Ils ont tout laiss\u00e9 en bon \u00e9tat et nous ont m\u00eame achet\u00e9 de nouvelles plantes pour le jardin ! Ils \u00e9taient \u00e9galement pr\u00eats \u00e0 faire tout leur possible pour ajuster un peu leur emploi du temps pour s'assurer qu'il n'y avait pas de lacunes dans les soins de Kaju entre nos d\u00e9parts et arriv\u00e9es et les leurs. Nous serions ravis de les inviter \u00e0 nouveau et nous les recommandons vivement pour prendre soin de votre animal de compagnie.\u201d<\/strong><\/p><p><strong>Aparna, Toronto <span style=\"text-decoration: underline;\">CLIENT R\u00c9GULIER<\/span><\/strong><\/p><p><strong>C'est la deuxi\u00e8me fois qu'H\u00e9l\u00e8ne et Frank s'occupaient de nots chats et apartement. Une fois de plus, ils ont pris soin de nos chats avec amour pendant un mois, nous envoyant fr\u00e9quemment des e-mails pour nous rassurer de leur bien-\u00eatre, envoyant souvent des photos qu'ils avaient prises. Comme auparavant, nous sommes rentr\u00e9s \u00e0 la maison avec des chats satisfaits et une maison \u00e9tincelante de propret\u00e9 et de rangement, avec la lessive faite et les lits faits. En plus, ils avaient plant\u00e9 de belles fleurs dans nos jardini\u00e8res de balcon ! Et de la nourriture pr\u00e9par\u00e9e pour notre retour! Et fait de bons amis avec nos voisins! Ce couple amical et d\u00e9vou\u00e9 va nous manquer, nos chatons et nos voisins. Nous esp\u00e9rons qu'ils seront disponibles la prochaine fois que nous voyagerons.<\/strong><\/p><p><strong>Jim &amp; Janet, Toronto <span style=\"text-decoration: underline;\">CLIENT R\u00c9GULIER<\/span><\/strong><\/p><p><strong>*****\u00a0\u201cHelene &amp; Frank took wonderful care of our home and cats while we were away. We could not have asked for a better first-time experience with this website. Helene provided daily updates, including some photos, and our home was as clean or even moreso than we had left it. Linens had been washed and the bed freshly made, tidy floors and surfaces and clean litter boxes. We could not have asked for more. We also had the pleasure of meeting both of them in person before the sit. Thanks again, Helene &amp; Frank!&#8221;<\/strong><\/p><p><strong>Bethany, Toronto <span style=\"text-decoration: underline;\">CLIENT R\u00c9GULIER<\/span><\/strong><\/p><p align=\"LEFT\"><strong>\u00ab J'ai eu le plaisir d'avoir H\u00e9l\u00e8ne et Frank chez moi pendant deux semaines, et ils sont absolument les meilleurs ! Helene m'a envoy\u00e9 des photos de mon chaton tous les jours avec des mises \u00e0 jour, a laiss\u00e9 notre maison en parfait \u00e9tat et nous a m\u00eame pr\u00e9par\u00e9 un grand bol de soupe au poulet \u00e0 notre retour. Ils ont pris grand soin de mon chaton Mycroft, et je suis certaine qu'ils manqunt \u00e0 Mycroft aussi. Je recommande vraiment Helene et Frank \u00e0 d'autres familles et j'ai h\u00e2te de les inviter \u00e0 nouveau dans le future\u201d<\/strong><\/p><p align=\"LEFT\"><strong>Selina, Toronto REPEAT CUSTOMER\u00a0<\/strong><\/p><p><strong>C'\u00e9tait la 2\u00e8me fois qu'H\u00e9l\u00e8ne &amp; Frank s'occupaient de Coco pendant mon absence, et c'est vraiment un plaisir \u00e0 chaque fois ! Ils sont tous les deux si g\u00e9n\u00e9reux et doux, et se soucient vraiment de Coco. Ils quittent toujours la maison encore plus rang\u00e9s qu'\u00e0 leur arriv\u00e9e et me fournissent r\u00e9guli\u00e8rement des mises \u00e0 jour par e-mail. Cette fois-ci, mon vol de retour a \u00e9t\u00e9 annul\u00e9, je leur ai donc demand\u00e9 \u00e0 la derni\u00e8re minute s'ils pouvaient rester une journ\u00e9e suppl\u00e9mentaire, et ils ont gracieusement accept\u00e9 pour que Coco ne reste pas seule trop longtemps. Je les recommandent pour tout vos animaux\"<\/strong><\/p><p><strong>Meghan, Toronto <span style=\"text-decoration: underline;\">CLIENT R\u00c9GULIER<\/span><\/strong><\/p><p><strong>Nous avons eu la chance d'avoir Helene et Frank chez nous avec nos animaux, et nous ne pouvons exprimer assez \u00e0 quel point nous sommes reconnaissants pour leurs soins tr\u00e8s compatissants et professionnels. H\u00e9l\u00e8ne et Frank sont des gens chaleureux et merveilleux, et nous nous sommes sentis \u00e0 l'aise au moment o\u00f9 nous les avons rencontr\u00e9s. Nous les avons laiss\u00e9s s'occuper de nos 2 chiens et 2 chats d'ext\u00e9rieur sur notre propri\u00e9t\u00e9 de campagne, ce qu'ils ont g\u00e9r\u00e9 de mani\u00e8re experte, incluant les pannes de courant, les terrains qui ressemblaient \u00e0 des patinoires et la rencontre malheureuse de notre chiot avec une mouffette. Malgr\u00e9 les d\u00e9fis, ils \u00e9taient positifs et gentils, et nous sommes rentr\u00e9s chez nous dans une maison impeccable et un chien baign\u00e9 ! Nous recommanderions absolument ce duo dynamique et les accueillerions \u00e0 bras ouverts \u2013 \u00e0 tout moment. \u00bb<\/strong><\/p><p><strong>Jill, Orangeville<\/strong><\/p><p><strong>H\u00e9l\u00e8ne et Frank \u00e9taient tout ce que vous recherchez chez les gardiens d'animaux : matures, fiables et responsables. Ils ont pris grand soin de nos chiots, nous ont envoy\u00e9 des mises \u00e0 jour\/photos r\u00e9guli\u00e8rement et ont laiss\u00e9 notre maison impeccablement propre. H\u00e9l\u00e8ne nous a m\u00eame fait un plat de soupe pour nous accueillir \u00e0 notre retour! Nous recommandons chaleureusement ces braves gens, et esp\u00e9rons que nous pourrons les accueillir \u00e0 nouveau bient\u00f4t!\u201d<\/strong><\/p><p><strong>Susan, Toronto<\/strong><\/p><p><strong>H\u00e9l\u00e8ne \u00e9tait super. Elle a \u00e9t\u00e9 patiente avec moi au fur et \u00e0 mesure que mes projets de voyage changeaient, et bien que son s\u00e9jour ait \u00e9t\u00e9 assez court, elle est all\u00e9e jusqu'\u00e0 laver le linge et pr\u00e9parer la chambre pour mes futurs invit\u00e9s. Les chats \u00e9taient heureux, l'endroit \u00e9tait impeccable. Recommande fortement.<\/strong><\/p><p><strong>Joanne, Toronto<\/strong><\/p><p><strong>\u00ab\u00a0H\u00e9l\u00e8ne et Frank \u00e9taient des personnes formidables que j'ai choisies pour la garde \u00e0 la maison. Ils ont fait un excellent travail pour s'occuper de mes animaux de compagnie\u2026 et un animal de compagnie avait besoin de m\u00e9dicaments deux fois par jour. H\u00e9l\u00e8ne a fourni une excellente communication tout au long de la s\u00e9ance (j'aime beaucoup la communication et le r\u00e9confort) et elle a fait un excellent travail\u00a0! \u00c0 9 heures du matin chaque matin, elle m'a envoy\u00e9 le statut par e-mail et cela m'a permis de profiter de ma journ\u00e9e. Elle a \u00e9galement r\u00e9gl\u00e9 ses propres probl\u00e8mes techniques, elle \u00e9tait donc tr\u00e8s ing\u00e9nieuse. Quand je suis rentr\u00e9 \u00e0 la maison, la maison \u00e9tait propre, organis\u00e9e et comme si je ne l'avais pas quitt\u00e9e. Je recommande vivement ce charmant couple.<\/strong><\/p><p><strong>Laura, Toronto<\/strong><\/p><p><strong>\u00ab Ce couple agr\u00e9able et sympathique a pris grand soin de nos 3 chatons pendant pr\u00e8s d'un mois, y compris l'administration quotidienne de pilules. H\u00e9l\u00e8ne nous a envoy\u00e9 les meilleures photos que nous ayons vues de nos chats ainsi que des rapports sur leur bien-\u00eatre. Les chats \u00e9taient visiblement heureux et bien soign\u00e9s. H\u00e9l\u00e8ne et Frank ont \u00e9galement fait face magnifiquement \u00e0 une inondation mineure dans l'appartement r\u00e9sultant de la temp\u00eate de verglas inhabituelle de Toronto, ne nous le disant que plus tard pour ne pas nous inqui\u00e9ter. Nous sommes rentr\u00e9s \u00e0 la maison avec de belles fleurs dans un appartement impeccable. Nous serions ravis de les revoir.<\/strong><\/p><p><strong>\u00a0Janet, Toronto <span style=\"text-decoration: underline;\">CLIENT R\u00c9GULIER<\/span><\/strong><\/p><p><strong>\u00ab Merci H\u00e9l\u00e8ne et Frank ! Ils sont venus 2 fois nous voir avant notre voyage. Nous avons re\u00e7u quelques e-mails avec des photos. La maison \u00e9tait impeccablement entretenue. Nos animaux de compagnie \u00e9taient bien et heureux. Je les r\u00e9utiliserai!<\/strong><\/p><p><strong>Martha, Toronto<\/strong><\/p><p><strong>Apr\u00e8s avoir \u00e9t\u00e9 initi\u00e9s \u00e0 cette plateforme par un client enthousiaste, nous avons rencontr\u00e9 H\u00e9l\u00e8ne et Frank. Quelle trouvaille ! Ils aiment clairement les chiens et prennent tr\u00e8s bien soin de notre maison pendant notre absence pendant 3 semaines et \"hors radar\". Ce sont les premi\u00e8res personnes avec qui nous discuterons de nos futurs projets de vacances car ils sont toujours tr\u00e8s demand\u00e9s<\/strong><\/p><p><strong>Anne, Toronto <span style=\"text-decoration: underline;\">CLIENT R\u00c9GULIER<\/span><\/strong><\/p><p><strong>Helene &amp; Frank se sont tr\u00e8s bien occup\u00e9s de la maison et de Walter mon chat. Ils sont amicaux et faciles \u00e0 vivre. Ma maison \u00e9tait en excellent \u00e9tat, mon lit \u00e9tait propre et pr\u00eat \u00e0 sauter. Helene nous a offert un joli retour avec collations et boissons. N\u00e9cessit\u00e9s et plus dans le r\u00e9frig\u00e9rateur et le cong\u00e9lateur. Je les recommande vivement et j'adorerais qu'ils reviennent en cas de besoin ou juste pour une visite. Ils m'ont tenu au courant des choses \u00e0 la maison et j'\u00e9tais vraiment heureux de pouvoir partir l'esprit tranquille. Ils forment un couple merveilleusement attentionn\u00e9. Merci beaucoup pour tout ce que vous avez fait. Susan Joyce<\/strong><\/p><p><strong>Susan Joyce, Montreal, <span style=\"text-decoration: underline;\">CLIENT R\u00c9GULIER<\/span><\/strong><\/p><p><strong>Helene et Frank \u00e9taient absolument merveilleux ! Ils ont tout fait pour prendre soin de ma maison et de mon cochon d'Inde. Ils ont fourni des mises \u00e0 jour r\u00e9guli\u00e8res sur Coco et ont rapidement r\u00e9pondu \u00e0 toutes mes questions. Ils ont gard\u00e9 l'endroit tr\u00e8s propre et rang\u00e9 (beaucoup plus rang\u00e9 que je  l'avais laiss\u00e9) et se sont bien occup\u00e9 de Coco. En plus de cela, ce sont des gens adorables et dignes de confiance avec qui j'ai aim\u00e9 discuter.<\/strong><\/p><p><strong>Meghan, Toronto <span style=\"text-decoration: underline;\">CLIENT R\u00c9GULIER<\/span><\/strong><\/p><p><strong>***** &#8220;We highly recommend Helene and Frank as house and animal sitters. They are both animal lovers and took great care of our fur babies. We have two little dogs, Shi-poo, Bella (10 lbs) and a little Chihuahua 8.5lbs Tamale, a guinea pig Lilly, and our\u00a0 outdoor\/indoor rabbit Tom. All the animals were cared for, during our two weeks absent, with great passion and no extra care was too much for them to handle. All our animals have \u2018something\u2019 special during the day, Helene and Frank adapted to the needs of the Animals and made them comfortable and relaxed while we were not here. Since we run a business (which was closed during our absence) Helene picked up on phone calls, listened to messages and informed us about inquiries. We were able to stay in contact daily and they sent us pictures of how they are doing and how our critters were doing. This gave us a much relaxed vacation time.\u00a0The house was clean and tidy, all cages cleaned and water bottles filled when we came home. Helene and Frank stayed one more day to make sure that we had time to settle back in. We will have Helene and Frank back anytime, so now we are actually looking forward to hopefully\u00a0\u2018more\u2019 vacation time.<\/strong><\/p><p><strong>House and Animal sitting at Twin Birch in Wellington, Ontario, Carolin Boysen, Alex Lacher<\/strong><\/p><p><strong>Twin Birch Suites &amp; Cottages,137 Main Street,Wellington, ON<\/strong><\/p><p><span style=\"text-decoration: underline;\"><strong>CLIENT R\u00c9GULIER\u00a0<\/strong><\/span><\/p>\t\t\t\t\t\t\t\t<\/div>\n\t\t\t\t<\/div>\n\t\t\t\t\t<\/div>\n\t\t<\/div>\n\t\t\t\t\t<\/div>\n\t\t<\/section>\n\t\t\t\t<section class=\"elementor-section elementor-top-section elementor-element elementor-element-f1d5480 elementor-section-boxed elementor-section-height-default elementor-section-height-default\" data-id=\"f1d5480\" data-element_type=\"section\">\n\t\t\t\t\t\t<div class=\"elementor-container elementor-column-gap-default\">\n\t\t\t\t\t<div class=\"elementor-column elementor-col-100 elementor-top-column elementor-element elementor-element-2d960a3\" data-id=\"2d960a3\" data-element_type=\"column\">\n\t\t\t<div class=\"elementor-widget-wrap elementor-element-populated\">\n\t\t\t\t\t\t<div class=\"elementor-element elementor-element-baeb4c8 elementor-widget elementor-widget-text-editor\" data-id=\"baeb4c8\" data-element_type=\"widget\" data-widget_type=\"text-editor.default\">\n\t\t\t\t<div class=\"elementor-widget-container\">\n\t\t\t\t\t\t\t\t\t<p>Lorem ipsum dolor sit amet, consectetur adipiscing elit. Ut elit tellus, luctus nec ullamcorper mattis, pulvinar dapibus leo.<\/p>\t\t\t\t\t\t\t\t<\/div>\n\t\t\t\t<\/div>\n\t\t\t\t\t<\/div>\n\t\t<\/div>\n\t\t\t\t\t<\/div>\n\t\t<\/section>\n\t\t\t\t<\/div>","protected":false},"excerpt":{"rendered":"<p>The loving home team What our customers think of us! ***** \u201cI was so pleased to find Helene to house and pet sit for us. She and Frank were easy to communicate with, punctual, reliable, and looked after Bruce and Fin with care and love. Our house was spotless upon our return, with flowers left &hellip;<\/p>\n<p class=\"read-more\"> <a class=\"\" href=\"https:\/\/thehometeam.club\/fr\/testimonials-3-2\/\"> <span class=\"screen-reader-text\">T\u00e9moignages<\/span> Lire la suite\u00a0\u00bb<\/a><\/p>","protected":false},"author":1,"featured_media":0,"parent":0,"menu_order":0,"comment_status":"closed","ping_status":"closed","template":"","meta":{"site-sidebar-layout":"no-sidebar","site-content-layout":"page-builder","ast-site-content-layout":"","site-content-style":"default","site-sidebar-style":"default","ast-global-header-display":"","ast-banner-title-visibility":"","ast-main-header-display":"","ast-hfb-above-header-display":"","ast-hfb-below-header-display":"","ast-hfb-mobile-header-display":"","site-post-title":"disabled","ast-breadcrumbs-content":"","ast-featured-img":"disabled","footer-sml-layout":"","theme-transparent-header-meta":"","adv-header-id-meta":"","stick-header-meta":"","header-above-stick-meta":"","header-main-stick-meta":"","header-below-stick-meta":"","astra-migrate-meta-layouts":"","footnotes":""},"class_list":["post-1766","page","type-page","status-publish","hentry"],"_links":{"self":[{"href":"https:\/\/thehometeam.club\/fr\/wp-json\/wp\/v2\/pages\/1766","targetHints":{"allow":["GET"]}}],"collection":[{"href":"https:\/\/thehometeam.club\/fr\/wp-json\/wp\/v2\/pages"}],"about":[{"href":"https:\/\/thehometeam.club\/fr\/wp-json\/wp\/v2\/types\/page"}],"author":[{"embeddable":true,"href":"https:\/\/thehometeam.club\/fr\/wp-json\/wp\/v2\/users\/1"}],"replies":[{"embeddable":true,"href":"https:\/\/thehometeam.club\/fr\/wp-json\/wp\/v2\/comments?post=1766"}],"version-history":[{"count":61,"href":"https:\/\/thehometeam.club\/fr\/wp-json\/wp\/v2\/pages\/1766\/revisions"}],"predecessor-version":[{"id":2212,"href":"https:\/\/thehometeam.club\/fr\/wp-json\/wp\/v2\/pages\/1766\/revisions\/2212"}],"wp:attachment":[{"href":"https:\/\/thehometeam.club\/fr\/wp-json\/wp\/v2\/media?parent=1766"}],"curies":[{"name":"wp","href":"https:\/\/api.w.org\/{rel}","templated":true}]}}