{"id":2037,"date":"2021-12-09T16:43:48","date_gmt":"2021-12-09T16:43:48","guid":{"rendered":"http:\/\/thehometeam.club\/?page_id=2037"},"modified":"2021-12-10T20:20:33","modified_gmt":"2021-12-10T20:20:33","slug":"your-pet-information","status":"publish","type":"page","link":"https:\/\/thehometeam.club\/fr\/your-pet-information\/","title":{"rendered":"Your pet information"},"content":{"rendered":"<div data-elementor-type=\"wp-page\" data-elementor-id=\"2037\" class=\"elementor elementor-2037\">\n\t\t\t\t\t\t<section class=\"elementor-section elementor-top-section elementor-element elementor-element-0hqcull elementor-section-boxed elementor-section-height-default elementor-section-height-default\" data-id=\"0hqcull\" data-element_type=\"section\">\n\t\t\t\t\t\t<div class=\"elementor-container elementor-column-gap-no\">\n\t\t\t\t\t<div class=\"elementor-column elementor-col-50 elementor-top-column elementor-element elementor-element-06dfe3e\" data-id=\"06dfe3e\" data-element_type=\"column\">\n\t\t\t<div class=\"elementor-widget-wrap elementor-element-populated\">\n\t\t\t\t\t\t<div class=\"elementor-element elementor-element-5fc6df3 elementor-widget elementor-widget-heading\" data-id=\"5fc6df3\" data-element_type=\"widget\" data-widget_type=\"heading.default\">\n\t\t\t\t<div class=\"elementor-widget-container\">\n\t\t\t\t\t<h1 class=\"elementor-heading-title elementor-size-default\">Contactez-nous<\/h1>\t\t\t\t<\/div>\n\t\t\t\t<\/div>\n\t\t\t\t\t<\/div>\n\t\t<\/div>\n\t\t\t\t<div class=\"elementor-column elementor-col-50 elementor-top-column elementor-element elementor-element-1c64b19\" data-id=\"1c64b19\" data-element_type=\"column\">\n\t\t\t<div class=\"elementor-widget-wrap elementor-element-populated\">\n\t\t\t\t\t\t<div class=\"elementor-element elementor-element-98138f7 elementor-widget elementor-widget-image-box\" data-id=\"98138f7\" data-element_type=\"widget\" data-widget_type=\"image-box.default\">\n\t\t\t\t<div class=\"elementor-widget-container\">\n\t\t\t\t\t<div class=\"elementor-image-box-wrapper\"><div class=\"elementor-image-box-content\"><h3 class=\"elementor-image-box-title\">D\u00e9crivez votre (vos) animal(s) de compagnie<\/h3><p class=\"elementor-image-box-description\">Il est important d'en savoir le plus possible sur votre m\u00e9nage. Veuillez remplir le formulaire ci-dessous ou si vous souhaitez nous donner plus de d\u00e9tails, vous pouvez nous envoyer un courriel \u00e0 : business4biz@gmail.com<\/p><\/div><\/div>\t\t\t\t<\/div>\n\t\t\t\t<\/div>\n\t\t\t\t\t<\/div>\n\t\t<\/div>\n\t\t\t\t\t<\/div>\n\t\t<\/section>\n\t\t\t\t<section class=\"elementor-section elementor-top-section elementor-element elementor-element-waui6li elementor-section-boxed elementor-section-height-default elementor-section-height-default\" data-id=\"waui6li\" data-element_type=\"section\">\n\t\t\t\t\t\t<div class=\"elementor-container elementor-column-gap-no\">\n\t\t\t\t\t<div class=\"elementor-column elementor-col-50 elementor-top-column elementor-element elementor-element-f158641\" data-id=\"f158641\" data-element_type=\"column\">\n\t\t\t<div class=\"elementor-widget-wrap elementor-element-populated\">\n\t\t\t\t\t\t<div class=\"elementor-element elementor-element-1eb30ea elementor-widget elementor-widget-heading\" data-id=\"1eb30ea\" data-element_type=\"widget\" data-widget_type=\"heading.default\">\n\t\t\t\t<div class=\"elementor-widget-container\">\n\t\t\t\t\t<h3 class=\"elementor-heading-title elementor-size-default\">Vous pouvez nous appeler \u00e0:<\/h3>\t\t\t\t<\/div>\n\t\t\t\t<\/div>\n\t\t\t\t<div class=\"elementor-element elementor-element-1776b80 elementor-widget elementor-widget-heading\" data-id=\"1776b80\" data-element_type=\"widget\" data-widget_type=\"heading.default\">\n\t\t\t\t<div class=\"elementor-widget-container\">\n\t\t\t\t\t<h2 class=\"elementor-heading-title elementor-size-default\"><a href=\"#\">+1 416-505-2338<\/a><\/h2>\t\t\t\t<\/div>\n\t\t\t\t<\/div>\n\t\t\t\t\t<\/div>\n\t\t<\/div>\n\t\t\t\t<div class=\"elementor-column elementor-col-50 elementor-top-column elementor-element elementor-element-67e4e6e\" data-id=\"67e4e6e\" data-element_type=\"column\">\n\t\t\t<div class=\"elementor-widget-wrap elementor-element-populated\">\n\t\t\t\t\t\t\t<\/div>\n\t\t<\/div>\n\t\t\t\t\t<\/div>\n\t\t<\/section>\n\t\t\t\t<section class=\"elementor-section elementor-top-section elementor-element elementor-element-7i3b5zg elementor-section-full_width elementor-section-height-default elementor-section-height-default\" data-id=\"7i3b5zg\" data-element_type=\"section\">\n\t\t\t\t\t\t<div class=\"elementor-container elementor-column-gap-default\">\n\t\t\t\t\t<div class=\"elementor-column elementor-col-100 elementor-top-column elementor-element elementor-element-7ef347c\" data-id=\"7ef347c\" data-element_type=\"column\">\n\t\t\t<div class=\"elementor-widget-wrap elementor-element-populated\">\n\t\t\t\t\t\t<div class=\"elementor-element elementor-element-df3d461 elementor-widget elementor-widget-google_maps\" data-id=\"df3d461\" data-element_type=\"widget\" data-widget_type=\"google_maps.default\">\n\t\t\t\t<div class=\"elementor-widget-container\">\n\t\t\t\t\t\t\t<div class=\"elementor-custom-embed\">\n\t\t\t<iframe loading=\"lazy\"\n\t\t\t\t\tsrc=\"https:\/\/maps.google.com\/maps?q=Danforth%20Avenue&#038;t=m&#038;z=10&#038;output=embed&#038;iwloc=near\"\n\t\t\t\t\ttitle=\"Danforth Avenue\"\n\t\t\t\t\taria-label=\"Danforth Avenue\"\n\t\t\t><\/iframe>\n\t\t<\/div>\n\t\t\t\t\t\t<\/div>\n\t\t\t\t<\/div>\n\t\t\t\t\t<\/div>\n\t\t<\/div>\n\t\t\t\t\t<\/div>\n\t\t<\/section>\n\t\t\t\t<section class=\"elementor-section elementor-top-section elementor-element elementor-element-dh01uog elementor-section-boxed elementor-section-height-default elementor-section-height-default\" data-id=\"dh01uog\" data-element_type=\"section\">\n\t\t\t\t\t\t<div class=\"elementor-container elementor-column-gap-wider\">\n\t\t\t\t\t<div class=\"elementor-column elementor-col-50 elementor-top-column elementor-element elementor-element-b79da20\" data-id=\"b79da20\" data-element_type=\"column\">\n\t\t\t<div class=\"elementor-widget-wrap elementor-element-populated\">\n\t\t\t\t\t\t<div class=\"elementor-element elementor-element-d57db62 elementor-vertical-align-top elementor-widget elementor-widget-image-box\" data-id=\"d57db62\" data-element_type=\"widget\" data-widget_type=\"image-box.default\">\n\t\t\t\t<div class=\"elementor-widget-container\">\n\t\t\t\t\t<div class=\"elementor-image-box-wrapper\"><div class=\"elementor-image-box-content\"><h2 class=\"elementor-image-box-title\">D\u00e9crivez votre animal de compagnie<\/h2><p class=\"elementor-image-box-description\">C'est indolore et prend moins de 20 secondes.<\/p><\/div><\/div>\t\t\t\t<\/div>\n\t\t\t\t<\/div>\n\t\t\t\t<div class=\"elementor-element elementor-element-33ba108 elementor-widget elementor-widget-image\" data-id=\"33ba108\" data-element_type=\"widget\" data-widget_type=\"image.default\">\n\t\t\t\t<div class=\"elementor-widget-container\">\n\t\t\t\t\t\t\t\t\t\t\t\t\t\t\t<img fetchpriority=\"high\" decoding=\"async\" width=\"768\" height=\"761\" src=\"https:\/\/thehometeam.club\/wp-content\/uploads\/2021\/12\/Helene-Brown-Honey-768x761.jpg\" class=\"attachment-medium_large size-medium_large wp-image-2062\" alt=\"\" srcset=\"https:\/\/thehometeam.club\/wp-content\/uploads\/2021\/12\/Helene-Brown-Honey-768x761.jpg 768w, https:\/\/thehometeam.club\/wp-content\/uploads\/2021\/12\/Helene-Brown-Honey-300x297.jpg 300w, https:\/\/thehometeam.club\/wp-content\/uploads\/2021\/12\/Helene-Brown-Honey-150x150.jpg 150w, https:\/\/thehometeam.club\/wp-content\/uploads\/2021\/12\/Helene-Brown-Honey.jpg 990w\" sizes=\"(max-width: 768px) 100vw, 768px\" \/>\t\t\t\t\t\t\t\t\t\t\t\t\t\t\t<\/div>\n\t\t\t\t<\/div>\n\t\t\t\t<div class=\"elementor-element elementor-element-6d5baf0 elementor-widget elementor-widget-image\" data-id=\"6d5baf0\" data-element_type=\"widget\" data-widget_type=\"image.default\">\n\t\t\t\t<div class=\"elementor-widget-container\">\n\t\t\t\t\t\t\t\t\t\t\t\t\t\t\t<img decoding=\"async\" width=\"1\" height=\"1\" src=\"https:\/\/thehometeam.club\/wp-content\/uploads\/2021\/12\/Frank-Bailey-toys-1.jpg\" class=\"attachment-medium size-medium wp-image-2077\" alt=\"\" \/>\t\t\t\t\t\t\t\t\t\t\t\t\t\t\t<\/div>\n\t\t\t\t<\/div>\n\t\t\t\t<div class=\"elementor-element elementor-element-b6af71b elementor-widget elementor-widget-image\" data-id=\"b6af71b\" data-element_type=\"widget\" data-widget_type=\"image.default\">\n\t\t\t\t<div class=\"elementor-widget-container\">\n\t\t\t\t\t\t\t\t\t\t\t\t\t\t\t<img decoding=\"async\" width=\"1\" height=\"1\" src=\"https:\/\/thehometeam.club\/wp-content\/uploads\/2021\/12\/Bailey-kissing-Frank.jpg\" class=\"attachment-medium_large size-medium_large wp-image-2085\" alt=\"\" \/>\t\t\t\t\t\t\t\t\t\t\t\t\t\t\t<\/div>\n\t\t\t\t<\/div>\n\t\t\t\t<div class=\"elementor-element elementor-element-2571ee9 elementor-widget elementor-widget-image\" data-id=\"2571ee9\" data-element_type=\"widget\" data-widget_type=\"image.default\">\n\t\t\t\t<div class=\"elementor-widget-container\">\n\t\t\t\t\t\t\t\t\t\t\t\t\t\t\t<img loading=\"lazy\" decoding=\"async\" width=\"454\" height=\"454\" src=\"https:\/\/thehometeam.club\/wp-content\/uploads\/2021\/12\/Frank-Maple.jpg\" class=\"attachment-large size-large wp-image-2113\" alt=\"\" srcset=\"https:\/\/thehometeam.club\/wp-content\/uploads\/2021\/12\/Frank-Maple.jpg 454w, https:\/\/thehometeam.club\/wp-content\/uploads\/2021\/12\/Frank-Maple-300x300.jpg 300w, https:\/\/thehometeam.club\/wp-content\/uploads\/2021\/12\/Frank-Maple-150x150.jpg 150w\" sizes=\"(max-width: 454px) 100vw, 454px\" \/>\t\t\t\t\t\t\t\t\t\t\t\t\t\t\t<\/div>\n\t\t\t\t<\/div>\n\t\t\t\t<div class=\"elementor-element elementor-element-89704f9 elementor-widget elementor-widget-image\" data-id=\"89704f9\" data-element_type=\"widget\" data-widget_type=\"image.default\">\n\t\t\t\t<div class=\"elementor-widget-container\">\n\t\t\t\t\t\t\t\t\t\t\t\t\t\t\t<img loading=\"lazy\" decoding=\"async\" width=\"1\" height=\"1\" src=\"https:\/\/thehometeam.club\/wp-content\/uploads\/2021\/12\/Frank-Bailey-toys.jpg\" class=\"attachment-medium_large size-medium_large wp-image-2066\" alt=\"\" \/>\t\t\t\t\t\t\t\t\t\t\t\t\t\t\t<\/div>\n\t\t\t\t<\/div>\n\t\t\t\t\t<\/div>\n\t\t<\/div>\n\t\t\t\t<div class=\"elementor-column elementor-col-50 elementor-top-column elementor-element elementor-element-8619cd5\" data-id=\"8619cd5\" data-element_type=\"column\">\n\t\t\t<div class=\"elementor-widget-wrap elementor-element-populated\">\n\t\t\t\t\t\t<div class=\"elementor-element elementor-element-f2709fc elementor-widget elementor-widget-shortcode\" data-id=\"f2709fc\" data-element_type=\"widget\" data-widget_type=\"shortcode.default\">\n\t\t\t\t<div class=\"elementor-widget-container\">\n\t\t\t\t\t\t\t<div class=\"elementor-shortcode\"><div class=\"wpforms-container\" id=\"wpforms-1378\"><form id=\"wpforms-form-1378\" class=\"wpforms-validate wpforms-form\" data-formid=\"1378\" method=\"post\" enctype=\"multipart\/form-data\" action=\"\/fr\/wp-json\/wp\/v2\/pages\/2037\" data-token=\"d20773f29795ed054d5caa5ab99957bb\" data-token-time=\"1776959996\" data-trp-original-action=\"\/fr\/wp-json\/wp\/v2\/pages\/2037\"><noscript class=\"wpforms-error-noscript\">Please enable JavaScript in your browser to complete this form.<\/noscript><div class=\"wpforms-field-container\"><div id=\"wpforms-1378-field_0-container\" class=\"wpforms-field wpforms-field-name\" data-field-id=\"0\"><label class=\"wpforms-field-label\" for=\"wpforms-1378-field_0\">Quel est votre nom? <span class=\"wpforms-required-label\">*<\/span><\/label><input type=\"text\" id=\"wpforms-1378-field_0\" class=\"wpforms-field-large wpforms-field-required\" name=\"wpforms[fields][0]\" placeholder=\"Your Name\" required><\/div><div id=\"wpforms-1378-field_4-container\" class=\"wpforms-field wpforms-field-text\" data-field-id=\"4\"><label class=\"wpforms-field-label\" for=\"wpforms-1378-field_4\">Et comment appelez-vous votre animal de compagnie ? <span class=\"wpforms-required-label\">*<\/span><\/label><input type=\"text\" id=\"wpforms-1378-field_4\" class=\"wpforms-field-large wpforms-field-required\" name=\"wpforms[fields][4]\" placeholder=\"Your pet&#039;s name\" required><\/div><div id=\"wpforms-1378-field_9-container\" class=\"wpforms-field wpforms-field-select\" data-field-id=\"9\"><label class=\"wpforms-field-label\" for=\"wpforms-1378-field_9\">Qu'est-ce que c'est? <span class=\"wpforms-required-label\">*<\/span><\/label><select id=\"wpforms-1378-field_9\" class=\"wpforms-field-large wpforms-field-required\" name=\"wpforms[fields][9]\" required=\"required\"><option value=\"A Dog\"  class=\"choice-1 depth-1\"  >Un chien<\/option><option value=\"A Cat\"  class=\"choice-2 depth-1\"  >Un chat<\/option><\/select><\/div><div id=\"wpforms-1378-field_2-container\" class=\"wpforms-field wpforms-field-textarea\" data-field-id=\"2\"><label class=\"wpforms-field-label\" for=\"wpforms-1378-field_2\">Des habitudes mignonnes de votre animal de compagnie? <span class=\"wpforms-required-label\">*<\/span><\/label><textarea id=\"wpforms-1378-field_2\" class=\"wpforms-field-medium wpforms-field-required\" name=\"wpforms[fields][2]\" placeholder=\"Dites-nous en plus sur votre animal de compagnie.\" required><\/textarea><\/div><div id=\"wpforms-1378-field_6-container\" class=\"wpforms-field wpforms-field-number\" data-field-id=\"6\"><label class=\"wpforms-field-label\" for=\"wpforms-1378-field_6\">Quels num\u00e9ros doit-on composer ? <span class=\"wpforms-required-label\">*<\/span><\/label><input type=\"number\" id=\"wpforms-1378-field_6\" class=\"wpforms-field-large wpforms-field-required\" name=\"wpforms[fields][6]\" placeholder=\"Votre num\u00e9ro de contact\" step=\"any\" required><\/div><\/div><!-- .wpforms-field-container --><div class=\"wpforms-field wpforms-field-hp\"><label for=\"wpforms-1378-field-hp\" class=\"wpforms-field-label\">Email<\/label><input type=\"text\" name=\"wpforms[hp]\" id=\"wpforms-1378-field-hp\" class=\"wpforms-field-medium\"><\/div><div class=\"wpforms-submit-container\" ><input type=\"hidden\" name=\"wpforms[id]\" value=\"1378\"><input type=\"hidden\" name=\"page_title\" value=\"\"><input type=\"hidden\" name=\"page_url\" value=\"https:\/\/thehometeam.club\/fr\/wp-json\/wp\/v2\/pages\/2037\"><input type=\"hidden\" name=\"url_referer\" value=\"\"><button type=\"submit\" name=\"wpforms[submit]\" id=\"wpforms-submit-1378\" class=\"wpforms-submit\" data-alt-text=\"Sending...\" data-submit-text=\"Let&#039;s Connect!\" aria-live=\"assertive\" value=\"wpforms-submit\">Connectons-nous\u00a0!<\/button><\/div><input type=\"hidden\" name=\"trp-form-language\" value=\"fr\"\/><\/form><\/div>  <!-- .wpforms-container -->\t<\/div>\n\t\t\t\t\t\t<\/div>\n\t\t\t\t<\/div>\n\t\t\t\t<div class=\"elementor-element elementor-element-663f39f elementor-widget elementor-widget-text-editor\" data-id=\"663f39f\" data-element_type=\"widget\" data-widget_type=\"text-editor.default\">\n\t\t\t\t<div class=\"elementor-widget-container\">\n\t\t\t\t\t\t\t\t\t<p>VEUILLEZ ENTRER LE CODE DU PAYS SUIVI DU CODE DE LA ZONE ET DU NUM\u00c9RO, PAS D'ESPACE<\/p>\t\t\t\t\t\t\t\t<\/div>\n\t\t\t\t<\/div>\n\t\t\t\t\t<\/div>\n\t\t<\/div>\n\t\t\t\t\t<\/div>\n\t\t<\/section>\n\t\t\t\t<\/div>","protected":false},"excerpt":{"rendered":"<p>Get In Touch Tell us about your pet(s) It is important to know as much as possible about your household. Please complete the form below or if you want to give us more details you can email us at: business4biz@gmail.com You Can Call Us At +1 416-505-2338 Tell Us About Your Pet It&#8217;s painless and &hellip;<\/p>\n<p class=\"read-more\"> <a class=\"\" href=\"https:\/\/thehometeam.club\/fr\/your-pet-information\/\"> <span class=\"screen-reader-text\">Your pet information<\/span> Lire la suite\u00a0\u00bb<\/a><\/p>","protected":false},"author":1,"featured_media":0,"parent":0,"menu_order":0,"comment_status":"closed","ping_status":"closed","template":"","meta":{"site-sidebar-layout":"no-sidebar","site-content-layout":"page-builder","ast-site-content-layout":"","site-content-style":"default","site-sidebar-style":"default","ast-global-header-display":"","ast-banner-title-visibility":"","ast-main-header-display":"","ast-hfb-above-header-display":"","ast-hfb-below-header-display":"","ast-hfb-mobile-header-display":"","site-post-title":"disabled","ast-breadcrumbs-content":"","ast-featured-img":"disabled","footer-sml-layout":"","theme-transparent-header-meta":"","adv-header-id-meta":"","stick-header-meta":"","header-above-stick-meta":"","header-main-stick-meta":"","header-below-stick-meta":"","astra-migrate-meta-layouts":"","footnotes":""},"class_list":["post-2037","page","type-page","status-publish","hentry"],"_links":{"self":[{"href":"https:\/\/thehometeam.club\/fr\/wp-json\/wp\/v2\/pages\/2037","targetHints":{"allow":["GET"]}}],"collection":[{"href":"https:\/\/thehometeam.club\/fr\/wp-json\/wp\/v2\/pages"}],"about":[{"href":"https:\/\/thehometeam.club\/fr\/wp-json\/wp\/v2\/types\/page"}],"author":[{"embeddable":true,"href":"https:\/\/thehometeam.club\/fr\/wp-json\/wp\/v2\/users\/1"}],"replies":[{"embeddable":true,"href":"https:\/\/thehometeam.club\/fr\/wp-json\/wp\/v2\/comments?post=2037"}],"version-history":[{"count":58,"href":"https:\/\/thehometeam.club\/fr\/wp-json\/wp\/v2\/pages\/2037\/revisions"}],"predecessor-version":[{"id":2119,"href":"https:\/\/thehometeam.club\/fr\/wp-json\/wp\/v2\/pages\/2037\/revisions\/2119"}],"wp:attachment":[{"href":"https:\/\/thehometeam.club\/fr\/wp-json\/wp\/v2\/media?parent=2037"}],"curies":[{"name":"wp","href":"https:\/\/api.w.org\/{rel}","templated":true}]}}