{"id":2151,"date":"2022-02-13T20:49:49","date_gmt":"2022-02-13T20:49:49","guid":{"rendered":"http:\/\/thehometeam.club\/?page_id=2151"},"modified":"2022-02-13T20:53:00","modified_gmt":"2022-02-13T20:53:00","slug":"elementor-2151","status":"publish","type":"page","link":"https:\/\/thehometeam.club\/fr\/elementor-2151\/","title":{"rendered":"Elementor #2151"},"content":{"rendered":"<div data-elementor-type=\"wp-page\" data-elementor-id=\"2151\" class=\"elementor elementor-2151\">\n\t\t\t\t\t\t<section class=\"elementor-section elementor-top-section elementor-element elementor-element-0334a03 elementor-section-boxed elementor-section-height-default elementor-section-height-default\" data-id=\"0334a03\" data-element_type=\"section\">\n\t\t\t\t\t\t<div class=\"elementor-container elementor-column-gap-default\">\n\t\t\t\t\t<div class=\"elementor-column elementor-col-100 elementor-top-column elementor-element elementor-element-5595afe\" data-id=\"5595afe\" data-element_type=\"column\">\n\t\t\t<div class=\"elementor-widget-wrap elementor-element-populated\">\n\t\t\t\t\t\t<div class=\"elementor-element elementor-element-0b9a44b elementor-widget elementor-widget-text-editor\" data-id=\"0b9a44b\" data-element_type=\"widget\" data-widget_type=\"text-editor.default\">\n\t\t\t\t<div class=\"elementor-widget-container\">\n\t\t\t\t\t\t\t\t\t<div class=\"zone-mainheader\"><div class=\"page-wrapper\"><div class=\"liner\"><nav class=\"breadcrumb-nav\"><h4><span style=\"font-size: 2em; font-weight: bold;\">Avant de partir-Aide-m\u00e9moire pour propri\u00e9taires d'animaux<\/span><\/h4><\/nav><\/div><\/div><\/div><div class=\"zone-maincontent\"><div class=\"page-wrapper\"><div class=\"page-support-landing-wrapper\"><div class=\"layout-col-8 layout-col main-col\"><div class=\"support-search-form form text\"><form action=\"https:\/\/www.mindmyhouse.com\/support\/search\" method=\"post\"><div class=\"fieldset\"><fieldset><div class=\"form-item\"><span style=\"font-size: 16px;\">Les besoins sp\u00e9ciaux, la sant\u00e9 et la s\u00e9curit\u00e9 des animaux doivent \u00eatre \u00e0 la fois document\u00e9s et pris en charge pendant votre absence. Vos gardiens sont pr\u00eat \u00e0 faire la sant\u00e9 et le bonheur de vos animaux une priorit\u00e9 absolue, mais ils ne peuvent pas faire de leur mieux avec Spot et Fluffy sans toutes les informations et pr\u00e9parations n\u00e9cessaires de votre part. Au dernier d\u00e9compte (en 2003), il y avait 77,7 millions de chats de compagnie et 65 millions de chiens de compagnie aux \u00c9tats-Unis. (Ouf, je pense que nous seronts occup\u00e9s\u00a0!) Pour les besoins de cette liste de contr\u00f4le, j'ai suppos\u00e9 que votre animal de compagnie bien-aim\u00e9 est soit un chat, soit un chien (d\u00e9sol\u00e9 pour tous les oiseaux, lapins, souris, poissons, propri\u00e9taires de serpents et de poneys, mais vous devrez personnaliser certaines parties de cette liste de contr\u00f4le pour vous-m\u00eames).<\/span><\/div><\/fieldset><\/div><\/form><\/div><div class=\"ajax-container\"><div class=\"ajax-results\"><div id=\"editable-content\" class=\"content-wrapper\"><h2>1. cr\u00e9er un dossier d'information<\/h2><p>C'est une bonne id\u00e9e de faire un dossier d'information contenant toutes les informations dont votre gardien a besoin pour fournir des soins de qualit\u00e9 \u00e0 vos animaux de compagnie. En pla\u00e7ant tous les dossiers de vos animaux sur des feuilles A4 en plastique dans un dossier solide, ce packet peut \u00eatre utilis\u00e9 par vos gardiens  pour plusieurs ann\u00e9es. Incluez les \u00e9l\u00e9ments suivants dans votre dossier d'information\u00a0:<\/p><ul><li>carnet de vaccination \u00e0 jour<\/li><li>informations sur la puce \u00e9lectronique ou le tatouage<\/li><li>Coordonn\u00e9es du registre des animaux perdus<\/li><li>permis municipal ou registres<\/li><li>ant\u00e9c\u00e9dents m\u00e9dicaux (y compris les derni\u00e8res dates de traitement anti-puces et vermifuges)<\/li><li>m\u00e9dicaments actuels (y compris les noms g\u00e9n\u00e9riques des m\u00e9dicaments, les informations sur la posologie et votre fournisseur habituel)<\/li><li>coordonn\u00e9es du v\u00e9t\u00e9rinaire<\/li><li>Coordonn\u00e9es du service d'urgence m\u00e9dicale pour les animaux apr\u00e8s les heures d'ouverture<\/li><li>photographie de votre animal de compagnie \u00e0 la fois actuelle et suffisamment d\u00e9taill\u00e9e pour l'identifier.<\/li><li>Emplacement des bons parcs \u00e0 chiens et autres zones de promenade autoris\u00e9es pour les chiens<\/li><\/ul><h2>2. \u00c9duquez votre gardien<\/h2><p>La connaissance est le pouvoir. Plus vous pouvez en dire, sur les habitudes et les bizarreries de votre animal, plus ses soins et son attention peuvent \u00eatre affin\u00e9s envers vos animaux de compagnie. L'honn\u00eatet\u00e9 est essentielle ici. Si votre chien est antisocial avec les autres chiens ou sur le point d'entrer en saison, dites-le \u00e0 votre gardien. Si votre chien est un \u00abfuyant\u00bb lorsqu'il est laiss\u00e9 sans laisse ou si votre chat est un marqueur olfactif, vous devez laisser ces informations \u00e0 votre gardien. Cela ne dissuadera pas n\u00e9cessairement votre gardien de maison de la mission. Cependant, devoir chasser votre chien dans un grand parc ou s'inqui\u00e9ter des housses de meubles malodorantes ne fera que causer un stress excessif \u00e0 votre gardien. C'est bien mieux pour chaque personne (et animal) concern\u00e9 si votre gardien est pr\u00e9par\u00e9 \u00e0 toute \u00e9ventualit\u00e9. Prenez le temps de r\u00e9pondre aux questions suivantes (le cas \u00e9ch\u00e9ant) et imprimez votre document \u00e0 ajouter au dossier d'information.<\/p><ul><li>Quelles sont les routines importantes dans la journ\u00e9e de votre animal (y compris manger, dormir, faire de l'exercice et jouer)\u00a0?<\/li><li>Votre animal suit-il un r\u00e9gime particulier ? Quelles quantit\u00e9s de nourriture mangent-ils habituellement ? Quand mangent-ils habituellement ? Combien de friandises est-ils g\u00e9n\u00e9ralement autoris\u00e9s\u00a0?<\/li><li>Est-ce que votre animal a des probl\u00e8mes de sant\u00e9 majeurs ou mineurs (par exemple, des allergies cutan\u00e9es ou des anciennes blessures)\u00a0?<\/li><li>Cr\u00e9ez un plan de soins de sant\u00e9 d'urgence (Quel fournisseur de soins de sant\u00e9 utilisez-vous\u00a0? Comment vous rendez-vous \u00e0 la clinique\u00a0? Comment votre gardien paiera-t-il pour les soins d'urgence\u00a0?)<\/li><li>O\u00f9 gardez-vous les jouets, jouets \u00e0 m\u00e2cher et friandises pr\u00e9f\u00e9r\u00e9s de votre animal ?<\/li><li>Quelles sont les cachettes pr\u00e9f\u00e9r\u00e9es de votre animal ?<\/li><li>Votre animal a-t-il des r\u00e9actions inhabituelles (par exemple, votre chat peut vomir r\u00e9guli\u00e8rement, votre chiot peut uriner lorsqu'il se soumet ou votre chien peut essayer de sauter par les fen\u00eatres ouvertes de la voiture)\u00a0?<\/li><li>Est-ce que votre animal a des phobies ou des angoisses ?<\/li><li>Est-ce que certaines chambres ou parties de la propri\u00e9t\u00e9 sont \u00ab interdites \u00bb aux animaux de compagnie ?<\/li><li>Ayez un plan de secours pour les soins de vos animaux au cas o\u00f9 votre gardien aurait une urgence dont il doit s'occuper. Laissez les coordonn\u00e9es d'un service de pension v\u00e9t\u00e9rinaire, de votre chenil local ou d'un ami ou d'un parent \u00e0 proximit\u00e9 qui pourrait s'occuper d'eux si n\u00e9cessaire.<\/li><li>Comment vos chiens ou chats voyage-t-il habituellement ? (Sont-ils autoris\u00e9s dans les transports en commun ? Peuvent-ils marcher dans la neige ou sur des trottoirs chauds ? Ont-ils un dispositif de retenue pour voiture ? Sont-ils contents d'\u00eatre dans leur conteneur de voyage ?)<\/li><\/ul><h2>3. Provisions pour animaux<\/h2><p>Faites le plein des provisions pour garder vos animaux heureux et en bonne sant\u00e9 pendant votre absence (plus un suppl\u00e9ment de tout au cas o\u00f9 votre retour serait retard\u00e9). Laissez les provisions de vos animaux \u00e0 un endroit bien en vue pour un acc\u00e8s facile \u00e0 votre gardien. Ces fournitures pourraient inclure les \u00e9l\u00e9ments suivants\u00a0:<\/p><ul><li>alimentation (plats principaux, croquettes, friandises, os \u00e0 m\u00e2cher)<\/li><li>herbe \u00e0 chat<\/li><li>bols de nourriture et d'eau<\/li><li>m\u00e9dicaments (puces, tiques, poux, vers du c\u0153ur, vers et traitement de la gale, avec informations sur la posologie)<\/li><li>jouets (jouets d'int\u00e9rieur \u00e0 m\u00e2cher et \u00e0 tirer, jouets de chasse)<\/li><li>\u00e9quipement d'exercice (laisses, balles, raquette de tennis, serviettes, v\u00eatements pour temps froid, museli\u00e8res, colliers, harnais, bottes de neige)<\/li><li>\u00e9tiquettes d'identification, tatouage ou puce \u00e9lectronique (avec un num\u00e9ro de contact ou un num\u00e9ro sur une liste d'inscription - assurez-vous qu'ils sont \u00e0 jour\u00a0!)<\/li><li>bedding (basket, mattress with pillows, blankets or duvet, spares for washing)<\/li><li>mat\u00e9riel de nettoyage pour votre animal (shampooing m\u00e9dicamenteux, serviettes, boyaux, brosses, tondeuses et ciseaux)<\/li><li>le mat\u00e9riel de nettoyage des salet\u00e9s de vos animaux \u00e0 votre domicile (vadrouilles, brosses, \u00e9ponges, d\u00e9sinfectant)<\/li><li>waste collection equipment (poop scooper, bags, gloves, kitty litter and trays)<\/li><li>travelling equipment (car restraints, car blankets, travel containers)<\/li><\/ul><h2>4. Preparing your animals<\/h2><p>By doing a few simple things for your animals you can leave knowing that they&#8217;ll be that much more safe and secure in your absence.<\/p><ul><li>Deal with any suspected health problems in your animals before you go.<\/li><li>Ensure your dog is comfortable walking on a leash.<\/li><li>Make sure your pets are wearing practical collars that fit properly (collars shouldn&#8217;t be too tight or so loose that they can slip off).<\/li><li>Have an identification tag engraved with a current contact number for each of your pets. Attach these tags to the D-rings on your pets&#8217; collars with a sturdy steel ring.<\/li><li>Register each of your pets with a lost pet register connected to your local animal shelter.<\/li><li>Take digital photographs of each of your animals showing their markings and distinctive features.<\/li><li>Ideally, your house sitter should spend some time with your pets in your company before you leave. Schedule some time to take your house sitter and your dogs out for a walk. Or your house sitter could just handle your animals in your presence to get everyone aquainted with each other before you go.<\/li><li>Tell them when you&#8217;ll be coming back home (some people believe that our pets understand these reassuring messages).<\/li><\/ul><h2>5. Preparing your home<\/h2><p>While you know exactly what hazards your home contains, your house sitter doesn&#8217;t, so it&#8217;s a good idea to attempt to really &#8216;pet-proof&#8217; your home before you leave.<\/p><ul><li>Put anything away that could be harmful to your pet. Christmas tree decorations, tinsel, pine needles, firewood, cooked bones (think gum and gut-perforating splinters and shards), strings, ribbon or knitting wool are all potentially deadly to curious cats and dogs. Add pesticides, flavoured medicines, digestion aids, sweetened pills, chocolates, confectionary, biscuits, space cookies, tobacco and sweet liquors to this list.<\/li><li>Your garage probably contains many hazardous substances such as rat poison and slug killer, fertilizers, antifreeze and pesticides. It is critical to put any dangerous substances in your garage completely out of reach of your pets (preferably behind a locked door).<\/li><li>Seal off any routes to your cellar or attic so that your pets don&#8217;t become &#8216;lost&#8217; in these hard-to-get-to spaces.<\/li><li>Block your pets&#8217; usual escape routes from your property. You may need to repair holes in the fence or fill scraped-out depressions beneath fences or gates with heavy objects.<\/li><li>Secure any gates on your property (including those to a swimming pool).<\/li><li>Unplug any appliances that your house sitter won&#8217;t be using to prevent possible accidents.<\/li><li>Consider installing a doorflap so that your animals can leave the house if they need to (for their toileting or in case of an emergency such as fire or flooding).<\/li><li>Arrange your arsenal of cleaning equipment in plain sight for your house sitter. This can include your vacuum cleaner, mop, broom, dustpan, gloves, disinfectant, sponges and trash bags etc.<\/li><li>Just before you leave, ensure that the right pets are inside the house.<\/li><li>If your pet escapes the house before you leave, tell your house sitter where to look for the animal.<\/li><li>And lastly, leave a piece of your worn clothing in your pets&#8217; sleeping area to give them a nice reminder of their beloved human while you&#8217;re away.<\/li><\/ul><\/div><\/div><\/div><\/div><\/div><\/div><\/div>\t\t\t\t\t\t\t\t<\/div>\n\t\t\t\t<\/div>\n\t\t\t\t\t<\/div>\n\t\t<\/div>\n\t\t\t\t\t<\/div>\n\t\t<\/section>\n\t\t\t\t<\/div>","protected":false},"excerpt":{"rendered":"<p>Before you go &#8211; checklist for pet owners Animals&#8217; special needs, health and safety need to be both documented and provided for while you&#8217;re away. Your house sitter is prepared to make your animals&#8217; health and happiness a top priority but they can&#8217;t do their best by Spot and Fluffy without all the necessary information &hellip;<\/p>\n<p class=\"read-more\"> <a class=\"\" href=\"https:\/\/thehometeam.club\/fr\/elementor-2151\/\"> <span class=\"screen-reader-text\">Elementor #2151<\/span> Lire la suite\u00a0\u00bb<\/a><\/p>","protected":false},"author":1,"featured_media":0,"parent":0,"menu_order":0,"comment_status":"closed","ping_status":"closed","template":"","meta":{"site-sidebar-layout":"no-sidebar","site-content-layout":"page-builder","ast-site-content-layout":"","site-content-style":"default","site-sidebar-style":"default","ast-global-header-display":"","ast-banner-title-visibility":"","ast-main-header-display":"","ast-hfb-above-header-display":"","ast-hfb-below-header-display":"","ast-hfb-mobile-header-display":"","site-post-title":"disabled","ast-breadcrumbs-content":"","ast-featured-img":"disabled","footer-sml-layout":"","theme-transparent-header-meta":"","adv-header-id-meta":"","stick-header-meta":"","header-above-stick-meta":"","header-main-stick-meta":"","header-below-stick-meta":"","astra-migrate-meta-layouts":"","footnotes":""},"class_list":["post-2151","page","type-page","status-publish","hentry"],"_links":{"self":[{"href":"https:\/\/thehometeam.club\/fr\/wp-json\/wp\/v2\/pages\/2151","targetHints":{"allow":["GET"]}}],"collection":[{"href":"https:\/\/thehometeam.club\/fr\/wp-json\/wp\/v2\/pages"}],"about":[{"href":"https:\/\/thehometeam.club\/fr\/wp-json\/wp\/v2\/types\/page"}],"author":[{"embeddable":true,"href":"https:\/\/thehometeam.club\/fr\/wp-json\/wp\/v2\/users\/1"}],"replies":[{"embeddable":true,"href":"https:\/\/thehometeam.club\/fr\/wp-json\/wp\/v2\/comments?post=2151"}],"version-history":[{"count":4,"href":"https:\/\/thehometeam.club\/fr\/wp-json\/wp\/v2\/pages\/2151\/revisions"}],"predecessor-version":[{"id":2156,"href":"https:\/\/thehometeam.club\/fr\/wp-json\/wp\/v2\/pages\/2151\/revisions\/2156"}],"wp:attachment":[{"href":"https:\/\/thehometeam.club\/fr\/wp-json\/wp\/v2\/media?parent=2151"}],"curies":[{"name":"wp","href":"https:\/\/api.w.org\/{rel}","templated":true}]}}